{"id":37,"date":"2020-08-14T23:11:33","date_gmt":"2020-08-14T20:11:33","guid":{"rendered":"http:\/\/www.filadora.com.tr\/?page_id=37"},"modified":"2024-08-06T12:46:03","modified_gmt":"2024-08-06T09:46:03","slug":"iletisim","status":"publish","type":"page","link":"https:\/\/www.filadora.com.tr\/en\/iletisim\/","title":{"rendered":"Contact"},"content":{"rendered":"<p><\/p>\r\n<p><strong>FILADORA FOREIGN TRADE LIMITED COMPANY<\/strong><\/p>\r\n<p><strong>ADDRESS<\/strong>: I\u015f\u0131ktepe Mahallesi Ata Bulvar\u0131 Caddesi Bulvar Plaza No: 33\/2 Nil\u00fcfer \/ BURSA<br \/><strong>PHONE<\/strong>: <a href=\"tel:+90 549 277 46 65\">+90 549 277 46 65<\/a><br \/><strong>MAIL :\u00a0<a href=\"mailto:tufan@filadora.com.tr\">tufan@filadora.com.tr<\/a><\/strong><\/p>\r\n<p><strong>LOCATION<\/strong>:\u00a0<\/p>\r\n<p><iframe loading=\"lazy\" style=\"border: 0;\" src=\"https:\/\/www.google.com\/maps\/embed?pb=!1m18!1m12!1m3!1d761.5609144033928!2d28.958935469615916!3d40.22588439821695!2m3!1f0!2f0!3f0!3m2!1i1024!2i768!4f13.1!3m3!1m2!1s0x14ca140f46548d37%3A0xf93789da44fc5337!2zScWfxLFrdGVwZSwgQXRhIEJsdiBOTzozMy8zLCAxNjE0MCBOacyHbMO8ZmVyL0J1cnNh!5e0!3m2!1str!2str!4v1722941132911!5m2!1str!2str\" width=\"100%\" height=\"450\" allowfullscreen=\"allowfullscreen\"><\/iframe><\/p>\r\n<p><\/p>","protected":false},"excerpt":{"rendered":"<p>FILADORA FOREIGN TRADE LIMITED COMPANY ADDRESS: I\u015f\u0131ktepe Mahallesi Ata Bulvar\u0131 Caddesi Bulvar Plaza No: 33\/2 Nil\u00fcfer \/ BURSAPHONE: +90 549 277 46 65MAIL :\u00a0tufan@filadora.com.tr LOCATION:\u00a0<\/p>\n","protected":false},"author":1,"featured_media":0,"parent":0,"menu_order":0,"comment_status":"closed","ping_status":"closed","template":"","meta":{"footnotes":""},"aioseo_notices":[],"cb_excerpt":"FILADORA FOREIGN TRADE LIMITED COMPANY ADDRESS: I\u015f\u0131ktepe Mahallesi Ata Bulvar\u0131 Caddesi Bulvar Plaza No: 33\/2 Nil\u00fcfer \/ BURSAPHONE: +90 549 277 46 65MAIL :\u00a0tufan@filadora.com.tr LOCATION:\u00a0","_links":{"self":[{"href":"https:\/\/www.filadora.com.tr\/en\/wp-json\/wp\/v2\/pages\/37"}],"collection":[{"href":"https:\/\/www.filadora.com.tr\/en\/wp-json\/wp\/v2\/pages"}],"about":[{"href":"https:\/\/www.filadora.com.tr\/en\/wp-json\/wp\/v2\/types\/page"}],"author":[{"embeddable":true,"href":"https:\/\/www.filadora.com.tr\/en\/wp-json\/wp\/v2\/users\/1"}],"replies":[{"embeddable":true,"href":"https:\/\/www.filadora.com.tr\/en\/wp-json\/wp\/v2\/comments?post=37"}],"version-history":[{"count":20,"href":"https:\/\/www.filadora.com.tr\/en\/wp-json\/wp\/v2\/pages\/37\/revisions"}],"predecessor-version":[{"id":545,"href":"https:\/\/www.filadora.com.tr\/en\/wp-json\/wp\/v2\/pages\/37\/revisions\/545"}],"wp:attachment":[{"href":"https:\/\/www.filadora.com.tr\/en\/wp-json\/wp\/v2\/media?parent=37"}],"curies":[{"name":"wp","href":"https:\/\/api.w.org\/{rel}","templated":true}]}}