{"id":128,"date":"2020-08-20T16:56:08","date_gmt":"2020-08-20T13:56:08","guid":{"rendered":"http:\/\/www.filadora.com.tr\/?page_id=128"},"modified":"2020-09-16T10:30:01","modified_gmt":"2020-09-16T07:30:01","slug":"pleksi-bariyer","status":"publish","type":"page","link":"https:\/\/www.filadora.com.tr\/en\/pleksi-bariyer\/","title":{"rendered":"PLEX\u0130 BARR\u0130ER FOR COV\u0130D19"},"content":{"rendered":"<div id='gallery-2' class='gallery galleryid-128 gallery-columns-4 gallery-size-medium'><figure class='gallery-item'>\n\t\t\t<div class='gallery-icon landscape'>\n\t\t\t\t<a href='https:\/\/www.filadora.com.tr\/wp-content\/uploads\/2020\/08\/PLEKSI-2.jpg'><img loading=\"lazy\" decoding=\"async\" width=\"300\" height=\"300\" src=\"https:\/\/www.filadora.com.tr\/wp-content\/uploads\/2020\/08\/PLEKSI-2-300x300.jpg\" class=\"attachment-medium size-medium\" alt=\"\" srcset=\"https:\/\/www.filadora.com.tr\/wp-content\/uploads\/2020\/08\/PLEKSI-2-300x300.jpg 300w, https:\/\/www.filadora.com.tr\/wp-content\/uploads\/2020\/08\/PLEKSI-2-150x150.jpg 150w, https:\/\/www.filadora.com.tr\/wp-content\/uploads\/2020\/08\/PLEKSI-2.jpg 512w\" sizes=\"(max-width: 300px) 100vw, 300px\" \/><\/a>\n\t\t\t<\/div><\/figure><figure class='gallery-item'>\n\t\t\t<div class='gallery-icon landscape'>\n\t\t\t\t<a href='https:\/\/www.filadora.com.tr\/wp-content\/uploads\/2020\/08\/PLEKSI-3.jpg'><img loading=\"lazy\" decoding=\"async\" width=\"300\" height=\"210\" src=\"https:\/\/www.filadora.com.tr\/wp-content\/uploads\/2020\/08\/PLEKSI-3-300x210.jpg\" class=\"attachment-medium size-medium\" alt=\"\" srcset=\"https:\/\/www.filadora.com.tr\/wp-content\/uploads\/2020\/08\/PLEKSI-3-300x210.jpg 300w, https:\/\/www.filadora.com.tr\/wp-content\/uploads\/2020\/08\/PLEKSI-3.jpg 512w\" sizes=\"(max-width: 300px) 100vw, 300px\" \/><\/a>\n\t\t\t<\/div><\/figure><figure class='gallery-item'>\n\t\t\t<div class='gallery-icon landscape'>\n\t\t\t\t<a href='https:\/\/www.filadora.com.tr\/wp-content\/uploads\/2020\/08\/PLEKSI.jpg'><img loading=\"lazy\" decoding=\"async\" width=\"300\" height=\"300\" src=\"https:\/\/www.filadora.com.tr\/wp-content\/uploads\/2020\/08\/PLEKSI-300x300.jpg\" class=\"attachment-medium size-medium\" alt=\"\" srcset=\"https:\/\/www.filadora.com.tr\/wp-content\/uploads\/2020\/08\/PLEKSI-300x300.jpg 300w, https:\/\/www.filadora.com.tr\/wp-content\/uploads\/2020\/08\/PLEKSI-150x150.jpg 150w, https:\/\/www.filadora.com.tr\/wp-content\/uploads\/2020\/08\/PLEKSI-768x768.jpg 768w, https:\/\/www.filadora.com.tr\/wp-content\/uploads\/2020\/08\/PLEKSI.jpg 900w\" sizes=\"(max-width: 300px) 100vw, 300px\" \/><\/a>\n\t\t\t<\/div><\/figure><figure class='gallery-item'>\n\t\t\t<div class='gallery-icon landscape'>\n\t\t\t\t<a href='https:\/\/www.filadora.com.tr\/wp-content\/uploads\/2020\/08\/Pleksi-Daire-3mm-Her-Renk-Istediginiz-Olcude-resim-31966.jpg'><img loading=\"lazy\" decoding=\"async\" width=\"300\" height=\"300\" src=\"https:\/\/www.filadora.com.tr\/wp-content\/uploads\/2020\/08\/Pleksi-Daire-3mm-Her-Renk-Istediginiz-Olcude-resim-31966-300x300.jpg\" class=\"attachment-medium size-medium\" alt=\"\" srcset=\"https:\/\/www.filadora.com.tr\/wp-content\/uploads\/2020\/08\/Pleksi-Daire-3mm-Her-Renk-Istediginiz-Olcude-resim-31966-300x300.jpg 300w, https:\/\/www.filadora.com.tr\/wp-content\/uploads\/2020\/08\/Pleksi-Daire-3mm-Her-Renk-Istediginiz-Olcude-resim-31966-150x150.jpg 150w, https:\/\/www.filadora.com.tr\/wp-content\/uploads\/2020\/08\/Pleksi-Daire-3mm-Her-Renk-Istediginiz-Olcude-resim-31966-768x768.jpg 768w, https:\/\/www.filadora.com.tr\/wp-content\/uploads\/2020\/08\/Pleksi-Daire-3mm-Her-Renk-Istediginiz-Olcude-resim-31966.jpg 1024w\" sizes=\"(max-width: 300px) 100vw, 300px\" \/><\/a>\n\t\t\t<\/div><\/figure><figure class='gallery-item'>\n\t\t\t<div class='gallery-icon landscape'>\n\t\t\t\t<a href='https:\/\/www.filadora.com.tr\/wp-content\/uploads\/2020\/08\/pleksi-scaled-1.jpg'><img loading=\"lazy\" decoding=\"async\" width=\"300\" height=\"154\" src=\"https:\/\/www.filadora.com.tr\/wp-content\/uploads\/2020\/08\/pleksi-scaled-1-300x154.jpg\" class=\"attachment-medium size-medium\" alt=\"\" srcset=\"https:\/\/www.filadora.com.tr\/wp-content\/uploads\/2020\/08\/pleksi-scaled-1-300x154.jpg 300w, https:\/\/www.filadora.com.tr\/wp-content\/uploads\/2020\/08\/pleksi-scaled-1-1024x526.jpg 1024w, https:\/\/www.filadora.com.tr\/wp-content\/uploads\/2020\/08\/pleksi-scaled-1-768x394.jpg 768w, https:\/\/www.filadora.com.tr\/wp-content\/uploads\/2020\/08\/pleksi-scaled-1-1536x788.jpg 1536w, https:\/\/www.filadora.com.tr\/wp-content\/uploads\/2020\/08\/pleksi-scaled-1-2048x1051.jpg 2048w\" sizes=\"(max-width: 300px) 100vw, 300px\" \/><\/a>\n\t\t\t<\/div><\/figure><figure class='gallery-item'>\n\t\t\t<div class='gallery-icon landscape'>\n\t\t\t\t<a href='https:\/\/www.filadora.com.tr\/wp-content\/uploads\/2020\/08\/virus-koruma-panel.jpg'><img loading=\"lazy\" decoding=\"async\" width=\"300\" height=\"280\" src=\"https:\/\/www.filadora.com.tr\/wp-content\/uploads\/2020\/08\/virus-koruma-panel-300x280.jpg\" class=\"attachment-medium size-medium\" alt=\"\" srcset=\"https:\/\/www.filadora.com.tr\/wp-content\/uploads\/2020\/08\/virus-koruma-panel-300x280.jpg 300w, https:\/\/www.filadora.com.tr\/wp-content\/uploads\/2020\/08\/virus-koruma-panel-1024x956.jpg 1024w, https:\/\/www.filadora.com.tr\/wp-content\/uploads\/2020\/08\/virus-koruma-panel-768x717.jpg 768w, https:\/\/www.filadora.com.tr\/wp-content\/uploads\/2020\/08\/virus-koruma-panel.jpg 1125w\" sizes=\"(max-width: 300px) 100vw, 300px\" \/><\/a>\n\t\t\t<\/div><\/figure><figure class='gallery-item'>\n\t\t\t<div class='gallery-icon landscape'>\n\t\t\t\t<a href='https:\/\/www.filadora.com.tr\/wp-content\/uploads\/2020\/08\/koruma-paneli.jpg'><img loading=\"lazy\" decoding=\"async\" width=\"225\" height=\"225\" src=\"https:\/\/www.filadora.com.tr\/wp-content\/uploads\/2020\/08\/koruma-paneli.jpg\" class=\"attachment-medium size-medium\" alt=\"\" srcset=\"https:\/\/www.filadora.com.tr\/wp-content\/uploads\/2020\/08\/koruma-paneli.jpg 225w, https:\/\/www.filadora.com.tr\/wp-content\/uploads\/2020\/08\/koruma-paneli-150x150.jpg 150w\" sizes=\"(max-width: 225px) 100vw, 225px\" \/><\/a>\n\t\t\t<\/div><\/figure>\n\t\t<\/div>","protected":false},"excerpt":{"rendered":"<p>Sorry, this entry is only available in Turkish.<\/p>\n","protected":false},"author":1,"featured_media":0,"parent":0,"menu_order":0,"comment_status":"closed","ping_status":"closed","template":"","meta":{"footnotes":""},"aioseo_notices":[],"cb_excerpt":"Sorry, this entry is only available in Turkish.","_links":{"self":[{"href":"https:\/\/www.filadora.com.tr\/en\/wp-json\/wp\/v2\/pages\/128"}],"collection":[{"href":"https:\/\/www.filadora.com.tr\/en\/wp-json\/wp\/v2\/pages"}],"about":[{"href":"https:\/\/www.filadora.com.tr\/en\/wp-json\/wp\/v2\/types\/page"}],"author":[{"embeddable":true,"href":"https:\/\/www.filadora.com.tr\/en\/wp-json\/wp\/v2\/users\/1"}],"replies":[{"embeddable":true,"href":"https:\/\/www.filadora.com.tr\/en\/wp-json\/wp\/v2\/comments?post=128"}],"version-history":[{"count":8,"href":"https:\/\/www.filadora.com.tr\/en\/wp-json\/wp\/v2\/pages\/128\/revisions"}],"predecessor-version":[{"id":365,"href":"https:\/\/www.filadora.com.tr\/en\/wp-json\/wp\/v2\/pages\/128\/revisions\/365"}],"wp:attachment":[{"href":"https:\/\/www.filadora.com.tr\/en\/wp-json\/wp\/v2\/media?parent=128"}],"curies":[{"name":"wp","href":"https:\/\/api.w.org\/{rel}","templated":true}]}}